{"id":658,"date":"2020-01-21T12:21:48","date_gmt":"2020-01-21T11:21:48","guid":{"rendered":"http:\/\/demo.duadv.net\/umbriainvolo\/privacy-policy\/"},"modified":"2023-05-23T13:01:25","modified_gmt":"2023-05-23T11:01:25","slug":"privacy-policy","status":"publish","type":"page","link":"https:\/\/www.umbriainvolo.it\/en\/privacy-policy\/","title":{"rendered":"Privacy Policy"},"content":{"rendered":"<p>[vc_row css_animation=&#8221;&#8221; row_type=&#8221;row&#8221; use_row_as_full_screen_section=&#8221;no&#8221; type=&#8221;full_width&#8221; angled_section=&#8221;no&#8221; text_align=&#8221;left&#8221; background_image_as_pattern=&#8221;without_pattern&#8221;][vc_column][vc_column_text css=&#8221;.vc_custom_1586336483779{padding-top: 50px !important;padding-bottom: 50px !important;}&#8221;]<\/p>\nAi sensi del GDPR, il nostro sito gestisce i dati relativi alla privacy nel rispetto delle norme vigenti.A questo scopo, nella presente informativa sulla privacy potrete trovare tutte le informazioni che vi consentiranno di capire quali dati raccogliamo, perch\u00e9 li raccogliamo e come li utilizziamo. <br>\r\nLa privacy dei nostri utenti \u00e8 per noi importante ed \u00e8 per questo che ci teniamo che conosciate compiutamente le nostre prassi. \r\nPer eventuali domande potrete in ogni caso contattarci al seguente indirizzo email: umbriainvolo@gmail.com.<br>Sar\u00e0 nostra cura rispondervi nel pi\u00f9 breve tempo possibile.<br><br>\r\n\r\n<b>1. Titolare<\/b><br>\r\nTitolare del trattamento dei dati personali raccolti attraverso il sito \u201cwww.umbriainvolo.it\u201d per visitatori italiani \u00e8:<br><br>\r\n\r\nM.T. direttore scuola VDS\/VL Aerolight Marche c\/o Ostello del Volo<br>\r\nP.Iva: <br>\r\nSede legale: Villa Scirca - Sigillo<br>\r\nTelefono: +393490925353<br>\r\nE-mail: umbriainvolo@gmail.com<br><br>\r\n\r\n<b>2. Dati trattati<\/b><br>\r\n<b>M.T. direttore scuola VDS\/VL Aerolight Marche c\/o Ostello del Volo<\/b> raccoglie esclusivamente i dati che l\u2019utente fornisce volontariamente e i dati di navigazione.<br>\r\nPer la consultazione della parte \u201cpubblica\u201d del Sito (ossia quella liberamente accessibile da ogni utente), non \u00e8 previsto alcun conferimento di dati personali dell\u2019utente.<br>\r\nPer l\u2019accesso alla parte a contenuti riservati del Sito, oppure per ogni eventuale presa di contatto con <b>M.T. direttore scuola VDS\/VL Aerolight Marche c\/o Ostello del Volo<\/b> da parte dell\u2019utente attraverso, per esempio, l\u2019invio di messaggi di posta, elettronica o tradizionale, ai recapiti di <b>M.T. direttore scuola VDS\/VL Aerolight Marche c\/o Ostello del Volo<\/b> indicati nel Sito, i dati dell\u2019utente dovranno considerarsi acquisiti e, quindi, trattati nel pieno rispetto della normativa vigente.<br>\r\nTra i dati forniti volontariamente dall\u2019utente potranno essere acquisiti dati personali quali: <br>\r\n<ul>\r\n<li>nome;<\/li>\r\n<li>cognome;<\/li>\r\n<li>data di nascita;<\/li>\r\n<li>societ\u00e0 di appartenenza;<\/li>\r\n<li>ruolo ricoperto;<\/li>\r\n<li>indirizzo email;<\/li>\r\n<li>eventuali immagini di documenti di identificazione caricati sul Sito;<\/li>\r\n<li>dati di registrazione diretta al nostro Sito (per es. email e password);<\/li>\r\n<li>i dati dei vostri dipendenti, clienti, fornitori, ecc., che caricherete volontariamente sul nostro server (nelle sezioni del registro del trattamento, dei sistemi di notifica, ecc.).<\/li>\r\n<\/ul><br>\r\nTra i dati di navigazione potranno essere raccolti:<br>\r\n<ul>\r\n<li>indirizzi IP;<\/li>\r\n<li>indirizzi URI - Uniform Resource Identifier - delle risorse richieste;<\/li>\r\n<li>orario e metodo utilizzato per formulare le richieste al server;<\/li>\r\n<li>codice numerico circa lo stato della risposta resa dal server (buon fine, errore, ecc.); ecc.<\/li>\r\n<\/ul><br>\r\nI dati di navigazione sono relativi al sistema operativo e all'ambiente informatico dell'utente la cui trasmissione \u00e8 implicita nell'uso dei protocolli di comunicazione di Internet. Sebbene queste informazioni non siano raccolte per essere associate a interessati identificati, per loro natura potrebbero, attraverso elaborazioni ed associazioni con dati detenuti da terzi, consentire di identificare gli utenti.<br><br>\r\n\r\n<b>3. Finalit\u00e0 del trattamento <\/b><br>\r\n<b>M.T. direttore scuola VDS\/VL Aerolight Marche c\/o Ostello del Volo<\/b> tratta i dati personali che l\u2019utente ha fornito sul Sito in connessione con l\u2019utilizzo del Sito stesso.\r\nIn particolare, i tuoi dati personali possono essere utilizzati per le seguenti finalit\u00e0:<br><br>\r\na) erogazione dei servizi e delle funzionalit\u00e0 del Sito (quali, per esempio, nome e cognome, indirizzo e-mail, password per il log-in, ecc.);<br>\r\n<b>M.T. direttore scuola VDS\/VL Aerolight Marche c\/o Ostello del Volo<\/b> raccoglie e tratta i dati personali dell\u2019utente per fornirgli tutte le funzionalit\u00e0 del Sito, come ad esempio quelli per comunicare tramite il Sito o scegliere l'opzione \u201cRicorda\u201d, in modo che non sia necessario fornire nuovamente i dettagli di \u201clog-in\u201d ad ogni accesso.<br>\r\nAttenzione: sconsigliamo di usare questa opzione se il computer usato \u00e8 condiviso con altre persone.<br><br>\r\nb) elaborazione dei dati di pagamento e fatturazione;<br>\r\n<b>M.T. direttore scuola VDS\/VL Aerolight Marche c\/o Ostello del Volo<\/b> tratter\u00e0 i dati personali dell\u2019utente solo per facilitare gli acquisti e per elaborare i pagamenti effettuati attraverso il Sito. In nessun modo, <b>M.T. direttore scuola VDS\/VL Aerolight Marche c\/o Ostello del Volo<\/b> acquisir\u00e0 i dati bancari dell\u2019utente poich\u00e9 ogni pagamento verr\u00e0 eseguito tramite Paypal.<br><br>\r\nc) risposta a eventuali richieste di consulenza tecnico\/giuridica formulate dall\u2019utente;<br><br>\r\nd) invio di informazioni su nostri servizi\/aggiornamenti del Sito, per esempio, via e-mail o posta (nota: questa funzionalit\u00e0 sar\u00e0 attivata solo se l\u2019utente prester\u00e0 il suo consenso esplicito). <br><br>\r\ne) archiviazione e protezione sul nostro server dei dati raccolti, ove richiesto, caricati dall\u2019utente nelle varie sezioni del sito;<br><br>\r\nf) archiviazione e protezione sul nostro server degli elenchi di indirizzi email o numeri di telefono caricati dall\u2019utente per usufruire dei nostri sistemi di notifica;<br><br>\r\nLe finalit\u00e0 sopra elencate sono sottoposte al consenso dell\u2019utente (che in alcuni casi deve essere esplicito). <br>\r\nSegnaliamo inoltre che <b>M.T. direttore scuola VDS\/VL Aerolight Marche c\/o Ostello del Volo<\/b> utilizza uno strumento di terze parti (ossia strumenti di analisi, adw, o promozionali legati Google) per scopi esclusivamente statistici e di marketing. I dati sono tuttavia gestiti in forma completamente anonimizzata.<br>Tali dati sono utilizzati al solo fine di ricavare informazioni statistiche non associate ad alcun dato identificativo dell\u2019utente sull\u2019uso del Sito e per controllarne il corretto funzionamento e vengono cancellati immediatamente dopo l\u2019elaborazione.<br>I dati potrebbero essere utilizzati per l'accertamento di responsabilit\u00e0 in caso di ipotetici reati informatici ai danni del Sito.<br>\r\n<b>M.T. direttore scuola VDS\/VL Aerolight Marche c\/o Ostello del Volo<\/b> non utilizzer\u00e0 i dati forniti per fini diversi da quelli sopra elencati, a cui l\u2019utente interessato ha aderito, e solo entro i limiti indicati di volta in volta nell\u2019eventuale ulteriore informativa specifica a corredo del diverso, specifico servizio eventualmente richiesto dall\u2019utente.<br>\r\nI dati dell\u2019utente non saranno mai venduti o affittati da <b>M.T. direttore scuola VDS\/VL Aerolight Marche c\/o Ostello del Volo<\/b> a terze parti. <br>L\u2019utente \u00e8 l\u2019unico proprietario dei suoi dati e pu\u00f2 richiederne la modifica o la cancellazione in ogni momento: si veda di seguito la sezione \u201cdiritti dell\u2019interessato\u201d.<br><br> \r\n\r\n<b>4. Conservazione dei dati personali<\/b><br>\r\n<b>M.T. direttore scuola VDS\/VL Aerolight Marche c\/o Ostello del Volo<\/b> conserver\u00e0 le informazioni dell\u2019utente nei termini richiesti dalla normativa vigente e, comunque, per tutto il tempo necessario per fornire i servizi richiesti.<br>\r\nIn particolare, i dati forniti dall\u2019utente per l\u2019accesso ad un'eventuale area riservata, o nei vari moduli di contatto, verranno conservati fintanto che non verr\u00e0 richiesta la loro cancellazione, conservando soltanto i dati relativi all\u2019anagrafica di base (quali, per esempio, quelli relativi alla fatturazione, e quindi: ragione sociale, indirizzo dell'azienda, partita IVA, contatto aziendale e password).<br><br>\r\n\r\n<b>5. Sicurezza e trasferimento dei dati personali<\/b><br>\r\nIl trasferimento, la conservazione e la elaborazione dei dati dell\u2019utente che sono raccolti attraverso il Sito sono assicurate attraverso le idonee misure tecniche.<br>Tutte le informazioni dell\u2019utente sono protette con la password che l'utente stesso si \u00e8 scelto; le password non sono registrate in chiaro ma bens\u00ec protette con diversi metodi di criptazione. Inoltre il sito \u00e8 erogato su connessione cifrata HTTPS.<br>\r\nI dati degli utenti vengono raccolti, archiviati e conservati su un server sicuro, protetto da firewall e fisicamente locato a Italia in una web farm ad accessi controllati.<br>Ogni accesso superutente  avviene sotto protezione di cifratura.<br><br>\r\n\r\n<b>6. Trasferimento dei dati a soggetti terzi<\/b><br>\r\n<b>M.T. direttore scuola VDS\/VL Aerolight Marche c\/o Ostello del Volo<\/b> non trasferisce i dati personali a soggetti terzi. Tuttavia, <b>M.T. direttore scuola VDS\/VL Aerolight Marche c\/o Ostello del Volo<\/b> potr\u00e0 fornire i dati dell\u2019utente a terzi per taluni processi come, ad esempio, ai fini di fornire all\u2019utente la consulenza tecnico\/giuridica a fronte di richiesta dell\u2019utente.<br>In questi casi, infatti, <b>M.T. direttore scuola VDS\/VL Aerolight Marche c\/o Ostello del Volo<\/b> potr\u00e0 trasmettere parte dei dati dell\u2019utente a soggetti terzi specialisti.<br>Questi terzi soggetti tratteranno i dati personali dell\u2019utente nel pieno rispetto della normativa vigente.<br>\r\nI dati dell\u2019utente non saranno trasferiti fuori dall\u2019Unione Europea.<br>\r\nSolo qualora <b>M.T. direttore scuola VDS\/VL Aerolight Marche c\/o Ostello del Volo<\/b> sia tenuta a farlo per legge, i dati personali saranno forniti alle Autorit\u00e0 competenti.<br><br>\r\n\r\n<b>7. Diritti dell\u2019utente (interessato)<\/b><br>\r\nL\u2019utente avr\u00e0 in qualsiasi momento, piena facolt\u00e0 di esercitare i diritti previsti dalla normativa vigente, tra cui i seguenti diritti: <br>\r\n<ul>\r\n<li>ricevere conferma dell\u2019esistenza dei suoi dati personali e richiedere l\u2019accesso al loro contenuto;<\/li>\r\n<li>aggiornare, modificare e\/o correggere i suoi dati personali;<\/li>\r\n<li>chiedere la cancellazione, la trasformazione in forma anonima, il blocco dei suoi dati trattati in violazione di legge;<\/li>\r\n<li>chiedere la limitazione del trattamento;<\/li>\r\n<li>opporsi per motivi legittimi al trattamento;<\/li>\r\n<li>ricevere copia dei dati forniti e chiedere che tali dati siano trasmessi ad un altro titolare del trattamento.<\/li>\r\n<\/ul>\r\n<br>\r\nPer esercitare uno o pi\u00f9 dei diritti sopra elencati, inviate specifica richiesta ad <b>M.T. direttore scuola VDS\/VL Aerolight Marche c\/o Ostello del Volo<\/b>:<br>\r\n<ul><li>presso <b>M.T. direttore scuola VDS\/VL Aerolight Marche c\/o Ostello del Volo<\/b>, Villa Scirca - Sigillo;<\/li><\/ul>\r\noppure<br>\r\n<ul><li>via e-mail all\u2019indirizzo umbriainvolo@gmail.com<\/li><\/ul><br><br>\r\n\r\n<b>8. Cookie<\/b><br>\r\nPer informazioni relative all\u2019utilizzo dei cookie attraverso il Sito, si prega l\u2019utente di leggere la Cookie Policy di <b>M.T. direttore scuola VDS\/VL Aerolight Marche c\/o Ostello del Volo<\/b>.<br><br>\r\n\r\n<b>9.Contatti<\/b><br>\r\nSi prega di inviare una email a umbriainvolo@gmail.com nel caso di domande relative circa qualsiasi necessit\u00e0 di chiarimento o informazione sui contenuti di questa pagina.\r\n<br><br>\r\nIl documento \u00e8 stato aggiornato in data 18\/05\/2018 per essere conforme alle disposizioni normative in materia, ed in particolare in conformit\u00e0 al Regolamento UE 2016\/679.<br>\r\nVilla Scirca Sigillo 18 Maggio 2018\n<p>[\/vc_column_text][\/vc_column][\/vc_row]<\/p>\n","protected":false},"excerpt":{"rendered":"<p>[vc_row css_animation=&#8221;&#8221; row_type=&#8221;row&#8221; use_row_as_full_screen_section=&#8221;no&#8221; type=&#8221;full_width&#8221; angled_section=&#8221;no&#8221; text_align=&#8221;left&#8221; background_image_as_pattern=&#8221;without_pattern&#8221;][vc_column][vc_column_text css=&#8221;.vc_custom_1586336483779{padding-top: 50px !important;padding-bottom: 50px !important;}&#8221;] [\/vc_column_text][\/vc_column][\/vc_row]<\/p>\n","protected":false},"author":1,"featured_media":0,"parent":0,"menu_order":0,"comment_status":"closed","ping_status":"closed","template":"","meta":{"footnotes":""},"class_list":["post-658","page","type-page","status-publish","hentry"],"yoast_head":"<!-- This site is optimized with the Yoast SEO plugin v27.4 - https:\/\/yoast.com\/product\/yoast-seo-wordpress\/ -->\n<title>Privacy Policy - Umbriainvolo<\/title>\n<meta name=\"robots\" content=\"index, follow, max-snippet:-1, max-image-preview:large, max-video-preview:-1\" \/>\n<link rel=\"canonical\" href=\"https:\/\/www.umbriainvolo.it\/en\/privacy-policy\/\" \/>\n<meta property=\"og:locale\" content=\"en_US\" \/>\n<meta property=\"og:type\" content=\"article\" \/>\n<meta property=\"og:title\" content=\"Privacy Policy - Umbriainvolo\" \/>\n<meta property=\"og:description\" content=\"[vc_row css_animation=&#8221;&#8221; row_type=&#8221;row&#8221; use_row_as_full_screen_section=&#8221;no&#8221; type=&#8221;full_width&#8221; angled_section=&#8221;no&#8221; text_align=&#8221;left&#8221; background_image_as_pattern=&#8221;without_pattern&#8221;][vc_column][vc_column_text css=&#8221;.vc_custom_1586336483779{padding-top: 50px !important;padding-bottom: 50px !important;}&#8221;] [\/vc_column_text][\/vc_column][\/vc_row]\" \/>\n<meta property=\"og:url\" content=\"https:\/\/www.umbriainvolo.it\/en\/privacy-policy\/\" \/>\n<meta property=\"og:site_name\" content=\"Umbriainvolo\" \/>\n<meta property=\"article:modified_time\" content=\"2023-05-23T11:01:25+00:00\" \/>\n<meta name=\"twitter:card\" content=\"summary_large_image\" \/>\n<script type=\"application\/ld+json\" class=\"yoast-schema-graph\">{\"@context\":\"https:\\\/\\\/schema.org\",\"@graph\":[{\"@type\":\"WebPage\",\"@id\":\"https:\\\/\\\/www.umbriainvolo.it\\\/en\\\/privacy-policy\\\/\",\"url\":\"https:\\\/\\\/www.umbriainvolo.it\\\/en\\\/privacy-policy\\\/\",\"name\":\"Privacy Policy - Umbriainvolo\",\"isPartOf\":{\"@id\":\"https:\\\/\\\/www.umbriainvolo.it\\\/en\\\/#website\"},\"datePublished\":\"2020-01-21T11:21:48+00:00\",\"dateModified\":\"2023-05-23T11:01:25+00:00\",\"breadcrumb\":{\"@id\":\"https:\\\/\\\/www.umbriainvolo.it\\\/en\\\/privacy-policy\\\/#breadcrumb\"},\"inLanguage\":\"en-US\",\"potentialAction\":[{\"@type\":\"ReadAction\",\"target\":[\"https:\\\/\\\/www.umbriainvolo.it\\\/en\\\/privacy-policy\\\/\"]}]},{\"@type\":\"BreadcrumbList\",\"@id\":\"https:\\\/\\\/www.umbriainvolo.it\\\/en\\\/privacy-policy\\\/#breadcrumb\",\"itemListElement\":[{\"@type\":\"ListItem\",\"position\":1,\"name\":\"Home\",\"item\":\"https:\\\/\\\/www.umbriainvolo.it\\\/en\\\/home\\\/\"},{\"@type\":\"ListItem\",\"position\":2,\"name\":\"Privacy Policy\"}]},{\"@type\":\"WebSite\",\"@id\":\"https:\\\/\\\/www.umbriainvolo.it\\\/en\\\/#website\",\"url\":\"https:\\\/\\\/www.umbriainvolo.it\\\/en\\\/\",\"name\":\"Umbriainvolo\",\"description\":\"Voli deltaplano, parapendio, biposto umbria\",\"potentialAction\":[{\"@type\":\"SearchAction\",\"target\":{\"@type\":\"EntryPoint\",\"urlTemplate\":\"https:\\\/\\\/www.umbriainvolo.it\\\/en\\\/?s={search_term_string}\"},\"query-input\":{\"@type\":\"PropertyValueSpecification\",\"valueRequired\":true,\"valueName\":\"search_term_string\"}}],\"inLanguage\":\"en-US\"}]}<\/script>\n<!-- \/ Yoast SEO plugin. -->","yoast_head_json":{"title":"Privacy Policy - Umbriainvolo","robots":{"index":"index","follow":"follow","max-snippet":"max-snippet:-1","max-image-preview":"max-image-preview:large","max-video-preview":"max-video-preview:-1"},"canonical":"https:\/\/www.umbriainvolo.it\/en\/privacy-policy\/","og_locale":"en_US","og_type":"article","og_title":"Privacy Policy - Umbriainvolo","og_description":"[vc_row css_animation=&#8221;&#8221; row_type=&#8221;row&#8221; use_row_as_full_screen_section=&#8221;no&#8221; type=&#8221;full_width&#8221; angled_section=&#8221;no&#8221; text_align=&#8221;left&#8221; background_image_as_pattern=&#8221;without_pattern&#8221;][vc_column][vc_column_text css=&#8221;.vc_custom_1586336483779{padding-top: 50px !important;padding-bottom: 50px !important;}&#8221;] [\/vc_column_text][\/vc_column][\/vc_row]","og_url":"https:\/\/www.umbriainvolo.it\/en\/privacy-policy\/","og_site_name":"Umbriainvolo","article_modified_time":"2023-05-23T11:01:25+00:00","twitter_card":"summary_large_image","schema":{"@context":"https:\/\/schema.org","@graph":[{"@type":"WebPage","@id":"https:\/\/www.umbriainvolo.it\/en\/privacy-policy\/","url":"https:\/\/www.umbriainvolo.it\/en\/privacy-policy\/","name":"Privacy Policy - Umbriainvolo","isPartOf":{"@id":"https:\/\/www.umbriainvolo.it\/en\/#website"},"datePublished":"2020-01-21T11:21:48+00:00","dateModified":"2023-05-23T11:01:25+00:00","breadcrumb":{"@id":"https:\/\/www.umbriainvolo.it\/en\/privacy-policy\/#breadcrumb"},"inLanguage":"en-US","potentialAction":[{"@type":"ReadAction","target":["https:\/\/www.umbriainvolo.it\/en\/privacy-policy\/"]}]},{"@type":"BreadcrumbList","@id":"https:\/\/www.umbriainvolo.it\/en\/privacy-policy\/#breadcrumb","itemListElement":[{"@type":"ListItem","position":1,"name":"Home","item":"https:\/\/www.umbriainvolo.it\/en\/home\/"},{"@type":"ListItem","position":2,"name":"Privacy Policy"}]},{"@type":"WebSite","@id":"https:\/\/www.umbriainvolo.it\/en\/#website","url":"https:\/\/www.umbriainvolo.it\/en\/","name":"Umbriainvolo","description":"Voli deltaplano, parapendio, biposto umbria","potentialAction":[{"@type":"SearchAction","target":{"@type":"EntryPoint","urlTemplate":"https:\/\/www.umbriainvolo.it\/en\/?s={search_term_string}"},"query-input":{"@type":"PropertyValueSpecification","valueRequired":true,"valueName":"search_term_string"}}],"inLanguage":"en-US"}]}},"_links":{"self":[{"href":"https:\/\/www.umbriainvolo.it\/en\/wp-json\/wp\/v2\/pages\/658","targetHints":{"allow":["GET"]}}],"collection":[{"href":"https:\/\/www.umbriainvolo.it\/en\/wp-json\/wp\/v2\/pages"}],"about":[{"href":"https:\/\/www.umbriainvolo.it\/en\/wp-json\/wp\/v2\/types\/page"}],"author":[{"embeddable":true,"href":"https:\/\/www.umbriainvolo.it\/en\/wp-json\/wp\/v2\/users\/1"}],"replies":[{"embeddable":true,"href":"https:\/\/www.umbriainvolo.it\/en\/wp-json\/wp\/v2\/comments?post=658"}],"version-history":[{"count":3,"href":"https:\/\/www.umbriainvolo.it\/en\/wp-json\/wp\/v2\/pages\/658\/revisions"}],"predecessor-version":[{"id":893,"href":"https:\/\/www.umbriainvolo.it\/en\/wp-json\/wp\/v2\/pages\/658\/revisions\/893"}],"wp:attachment":[{"href":"https:\/\/www.umbriainvolo.it\/en\/wp-json\/wp\/v2\/media?parent=658"}],"curies":[{"name":"wp","href":"https:\/\/api.w.org\/{rel}","templated":true}]}}